{"id":1992,"date":"2025-10-07T20:01:33","date_gmt":"2025-10-07T17:01:33","guid":{"rendered":"https:\/\/coinauto.eu\/%d0%ba%d0%be%d0%bd%d1%82%d0%b0%d0%ba%d1%82%d1%8b\/"},"modified":"2025-12-11T17:08:15","modified_gmt":"2025-12-11T15:08:15","slug":"%d0%ba%d0%be%d0%bd%d1%82%d0%b0%d0%ba%d1%82%d1%8b","status":"publish","type":"page","link":"https:\/\/coinauto.eu\/ru\/%d0%ba%d0%be%d0%bd%d1%82%d0%b0%d0%ba%d1%82%d1%8b\/","title":{"rendered":"\u041a\u043e\u043d\u0442\u0430\u043a\u0442\u044b"},"content":{"rendered":"\n<div class=\"wp-block-greenshift-blocks-container alignfull gspb_container gspb_container-gsbp-73c260b\" id=\"gspb_container-id-gsbp-73c260b\"><\/div><br>\n\n<div class=\"wp-block-stackable-spacer stk-block-spacer stk--no-padding stk-block stk-9c50f99\" data-block-id=\"9c50f99\"><style>.stk-9c50f99 {height:80px !important;}<\/style><\/div>\n\n<div class=\"wp-block-greenshift-blocks-row gspb_row gspb_row-id-gsbp-59066f4\" id=\"gspb_row-id-gsbp-59066f4\"><div class=\"gspb_row__content\"> \n<div class=\"wp-block-greenshift-blocks-row-column gspb_row__col--12 gspb_col-id-gsbp-7556f5f\" id=\"gspb_col-id-gsbp-7556f5f\">\n<h1 id=\"gspb_heading-id-gsbp-4eddc8e\" class=\"gspb_heading gspb_heading-id-gsbp-4eddc8e \">\u0418\u043d\u0444\u043e\u0440\u043c\u0430\u0446\u0438\u044f \u043e \u043a\u043e\u043c\u043f\u0430\u043d\u0438\u0438 CoinAuto.eu \u0438 \u043a\u043e\u043d\u0442\u0430\u043a\u0442\u044b<\/h1>\n\n\n\n<h2 id=\"gspb_heading-id-gsbp-047f83f\" class=\"gspb_heading gspb_heading-id-gsbp-047f83f \"> <span style=\"background: linear-gradient(to bottom, transparent 50%, #7bdcb5 50%)\" class=\"stk-highlight\">\u0418\u041d\u0424\u041e\u0420\u041c\u0410\u0426\u0418\u042f \u041e \u041a\u041e\u041c\u041f\u0410\u041d\u0418\u0418<\/span><\/h2>\n<\/div>\n <\/div><\/div>\n\n<div class=\"wp-block-greenshift-blocks-row gspb_row gspb_row-id-gsbp-b6c7d3b\" id=\"gspb_row-id-gsbp-b6c7d3b\"><div class=\"gspb_row__content\">  <\/div><\/div><br>\n<style>.kb-table-container1209_74f336-6d{font-weight:bold;overflow-x:auto;}.kb-table-container .kb-table1209_74f336-6d th{padding-top:var(--global-kb-spacing-xxs, 0.5rem);padding-right:var(--global-kb-spacing-xxs, 0.5rem);padding-bottom:var(--global-kb-spacing-xxs, 0.5rem);padding-left:var(--global-kb-spacing-xxs, 0.5rem);text-align:center;}.kb-table-container .kb-table1209_74f336-6d caption{text-align:center;}.kb-table-container .kb-table1209_74f336-6d td{padding-top:var(--global-kb-spacing-xxs, 0.5rem);padding-right:var(--global-kb-spacing-xxs, 0.5rem);padding-bottom:var(--global-kb-spacing-xxs, 0.5rem);padding-left:var(--global-kb-spacing-xxs, 0.5rem);text-align:left;}.kb-table-container .kb-table1209_74f336-6d td, .kb-table1209_74f336-6d th{border-top:1px solid var(--theme-palette-color-14, rgba(0, 0, 0));border-right:1px solid var(--theme-palette-color-14, rgba(0, 0, 0));border-bottom:1px solid var(--theme-palette-color-14, rgba(0, 0, 0));border-left:1px solid var(--theme-palette-color-14, rgba(0, 0, 0));}@media all and (max-width: 1024px){.kb-table-container .kb-table1209_74f336-6d td, .kb-table1209_74f336-6d th{border-top:1px solid var(--theme-palette-color-14, rgba(0, 0, 0));border-right:1px solid var(--theme-palette-color-14, rgba(0, 0, 0));border-bottom:1px solid var(--theme-palette-color-14, rgba(0, 0, 0));border-left:1px solid var(--theme-palette-color-14, rgba(0, 0, 0));}}@media all and (max-width: 767px){.kb-table-container .kb-table1209_74f336-6d td, .kb-table1209_74f336-6d th{border-top:1px solid var(--theme-palette-color-14, rgba(0, 0, 0));border-right:1px solid var(--theme-palette-color-14, rgba(0, 0, 0));border-bottom:1px solid var(--theme-palette-color-14, rgba(0, 0, 0));border-left:1px solid var(--theme-palette-color-14, rgba(0, 0, 0));}}<\/style><div class=\"kb-table-container kb-table-container1209_74f336-6d wp-block-kadence-table\"><table class=\"kb-table kb-table1209_74f336-6d\">\n<tr class=\"kb-table-row kb-table-row1209_86143b-51\">\n<td class=\"kb-table-data kb-table-data1209_834e0c-62\">\n\n<div class=\"wp-block-stackable-text stk-block-text stk-block stk-6ea4894\" data-block-id=\"6ea4894\"><p class=\"stk-block-text__text\">\u041a\u0440\u0430\u0443\u0434\u0444\u0430\u043d\u0434\u0438\u043d\u0433\u043e\u0432\u0430\u044f \u0438\u043d\u0432\u0435\u0441\u0442\u0438\u0446\u0438\u043e\u043d\u043d\u0430\u044f \u043f\u043b\u0430\u0442\u0444\u043e\u0440\u043c\u0430 \u0434\u043b\u044f \u043f\u043e\u043a\u0443\u043f\u043a\u0438, \u0432\u043e\u0441\u0441\u0442\u0430\u043d\u043e\u0432\u043b\u0435\u043d\u0438\u044f \u0438 \u043f\u0440\u043e\u0434\u0430\u0436\u0438 \u0430\u0432\u0442\u043e\u043c\u043e\u0431\u0438\u043b\u0435\u0439<\/p><\/div>\n\n<\/td>\n\n<td class=\"kb-table-data kb-table-data1209_15a386-88\">\n\n<div class=\"wp-block-stackable-text stk-block-text stk-block stk-1374b94\" data-block-id=\"1374b94\"><p class=\"stk-block-text__text\">CoinAuto.eu<\/p><\/div>\n\n<\/td>\n<\/tr>\n\n<tr class=\"kb-table-row kb-table-row1209_7669f3-a9\">\n<td class=\"kb-table-data kb-table-data1209_d5cfc4-bf\">\n\n<div class=\"wp-block-stackable-text stk-block-text stk-block stk-2bf9036\" data-block-id=\"2bf9036\"><p class=\"stk-block-text__text\">\u041d\u0430\u0437\u0432\u0430\u043d\u0438\u0435 \u043a\u043e\u043c\u043f\u0430\u043d\u0438\u0438<\/p><\/div>\n\n<\/td>\n\n<td class=\"kb-table-data kb-table-data1209_3177a3-07\">\n\n<div class=\"wp-block-stackable-text stk-block-text stk-block stk-64092df\" data-block-id=\"64092df\"><p class=\"stk-block-text__text\">Grandsfera, UAB<\/p><\/div>\n\n<\/td>\n<\/tr>\n\n<tr class=\"kb-table-row kb-table-row1209_bfc4b3-46\">\n<td class=\"kb-table-data kb-table-data1209_8f994c-af\">\n\n<p>\u0421\u0444\u0435\u0440\u0430 \u0434\u0435\u044f\u0442\u0435\u043b\u044c\u043d\u043e\u0441\u0442\u0438<\/p>\n\n<\/td>\n\n<td class=\"kb-table-data kb-table-data1209_ea696e-21\">\n\n<p>\u0421\u043f\u0435\u0446\u0438\u0430\u043b\u0438\u0437\u0438\u0440\u043e\u0432\u0430\u043d\u043d\u0430\u044f \u043a\u043e\u043c\u043f\u0430\u043d\u0438\u044f \u043f\u043e \u0440\u0435\u043c\u043e\u043d\u0442\u0443 \u0438 \u0434\u0435\u0442\u0435\u0439\u043b\u0438\u043d\u0433\u0443 \u0430\u0432\u0442\u043e\u043c\u043e\u0431\u0438\u043b\u0435\u0439<\/p>\n\n<\/td>\n<\/tr>\n\n<tr class=\"kb-table-row kb-table-row1209_e1ecb7-9b\">\n<td class=\"kb-table-data kb-table-data1209_555510-be\">\n\n<p>\u041a\u043e\u0434 \u043a\u043e\u043c\u043f\u0430\u043d\u0438\u0438<\/p>\n\n<\/td>\n\n<td class=\"kb-table-data kb-table-data1209_c10997-f5\">\n\n<p>305350573<\/p>\n\n<\/td>\n<\/tr>\n\n<tr class=\"kb-table-row kb-table-row1209_ea3199-9e\">\n<td class=\"kb-table-data kb-table-data1209_40e60d-83\">\n\n<p>\u041d\u043e\u043c\u0435\u0440 \u043f\u043b\u0430\u0442\u0435\u043b\u044c\u0449\u0438\u043a\u0430 \u041d\u0414\u0421<\/p>\n\n<\/td>\n\n<td class=\"kb-table-data kb-table-data1209_234601-4c\">\n\n<p>LT100015303311<\/p>\n\n<\/td>\n<\/tr>\n\n<tr class=\"kb-table-row kb-table-row1209_b88a99-0b\">\n<td class=\"kb-table-data kb-table-data1209_ea31c2-15\">\n\n<p>\u042e\u0440\u0438\u0434\u0438\u0447\u0435\u0441\u043a\u0438\u0439 \u0430\u0434\u0440\u0435\u0441<\/p>\n\n<\/td>\n\n<td class=\"kb-table-data kb-table-data1209_98e9f6-cc\">\n\n<p>Alyv\u0173 g. 3, \u0160ilagalys, LT-36223 Panev\u0117\u017eio r.<\/p>\n\n<\/td>\n<\/tr>\n\n<tr class=\"kb-table-row kb-table-row1209_c52938-38\">\n<td class=\"kb-table-data kb-table-data1209_127abb-36\">\n\n<p>\u0410\u0434\u0440\u0435\u0441 \u0444\u0430\u043a\u0442\u0438\u0447\u0435\u0441\u043a\u043e\u0439 \u0434\u0435\u044f\u0442\u0435\u043b\u044c\u043d\u043e\u0441\u0442\u0438<\/p>\n\n<\/td>\n\n<td class=\"kb-table-data kb-table-data1209_9abcfc-bc\">\n\n<p>Katk\u0173 g. 70, LT-35295 Panev\u0117\u017eys, Lietuva<\/p>\n\n<\/td>\n<\/tr>\n\n<tr class=\"kb-table-row kb-table-row1209_592b31-9a\">\n<td class=\"kb-table-data kb-table-data1209_72999c-e2\">\n\n<p>\u041f\u0440\u0435\u0434\u044b\u0434\u0443\u0449\u0438\u0439 \u0430\u0434\u0440\u0435\u0441 (Google Maps)<\/p>\n\n<\/td>\n\n<td class=\"kb-table-data kb-table-data1209_e98b47-e0\">\n\n<p>\u017diedo g. 70, LT-37464 Panev\u0117\u017eys, Lietuva<\/p>\n\n<\/td>\n<\/tr>\n<\/table><\/div>\n<h2 id=\"gspb_heading-id-gsbp-de1f26d\" class=\"gspb_heading gspb_heading-id-gsbp-de1f26d \"> <span style=\"background: linear-gradient(to bottom, transparent 50%, #7bdcb5 50%)\" class=\"stk-highlight\">\u041a\u041e\u041d\u0422\u0410\u041a\u0422\u042b<\/span><\/h2>\n<style>.kb-table-container1209_589dd0-06{font-weight:bold;overflow-x:auto;}.kb-table-container .kb-table1209_589dd0-06 th{padding-top:var(--global-kb-spacing-xxs, 0.5rem);padding-right:var(--global-kb-spacing-xxs, 0.5rem);padding-bottom:var(--global-kb-spacing-xxs, 0.5rem);padding-left:var(--global-kb-spacing-xxs, 0.5rem);text-align:center;}.kb-table-container .kb-table1209_589dd0-06 caption{text-align:center;}.kb-table-container .kb-table1209_589dd0-06 td{padding-top:var(--global-kb-spacing-xxs, 0.5rem);padding-right:var(--global-kb-spacing-xxs, 0.5rem);padding-bottom:var(--global-kb-spacing-xxs, 0.5rem);padding-left:var(--global-kb-spacing-xxs, 0.5rem);text-align:left;}.kb-table-container .kb-table1209_589dd0-06 td, .kb-table1209_589dd0-06 th{border-top:1px solid var(--theme-palette-color-14, rgba(0, 0, 0));border-right:1px solid var(--theme-palette-color-14, rgba(0, 0, 0));border-bottom:1px solid var(--theme-palette-color-14, rgba(0, 0, 0));border-left:1px solid var(--theme-palette-color-14, rgba(0, 0, 0));}@media all and (max-width: 1024px){.kb-table-container .kb-table1209_589dd0-06 td, .kb-table1209_589dd0-06 th{border-top:1px solid var(--theme-palette-color-14, rgba(0, 0, 0));border-right:1px solid var(--theme-palette-color-14, rgba(0, 0, 0));border-bottom:1px solid var(--theme-palette-color-14, rgba(0, 0, 0));border-left:1px solid var(--theme-palette-color-14, rgba(0, 0, 0));}}@media all and (max-width: 767px){.kb-table-container .kb-table1209_589dd0-06 td, .kb-table1209_589dd0-06 th{border-top:1px solid var(--theme-palette-color-14, rgba(0, 0, 0));border-right:1px solid var(--theme-palette-color-14, rgba(0, 0, 0));border-bottom:1px solid var(--theme-palette-color-14, rgba(0, 0, 0));border-left:1px solid var(--theme-palette-color-14, rgba(0, 0, 0));}}<\/style><div class=\"kb-table-container kb-table-container1209_589dd0-06 wp-block-kadence-table\"><table class=\"kb-table kb-table1209_589dd0-06\">\n<tr class=\"kb-table-row kb-table-row1209_0a2dbb-6e\">\n<td class=\"kb-table-data kb-table-data1209_4b86b4-20\">\n\n<p>\u0422\u0435\u043b\u0435\u0444\u043e\u043d<\/p>\n\n<\/td>\n\n<td class=\"kb-table-data kb-table-data1209_667a7b-b7\">\n\n<p>+370 682 50023<\/p>\n\n<\/td>\n<\/tr>\n\n<tr class=\"kb-table-row kb-table-row1209_b7535f-10\">\n<td class=\"kb-table-data kb-table-data1209_a5fec3-11\">\n\n<p>\u042d\u043b. \u043f\u043e\u0447\u0442\u0430<\/p>\n\n<\/td>\n\n<td class=\"kb-table-data kb-table-data1209_819e5d-c9\">\n\n<p>invest@coinauto.eu<\/p>\n\n<\/td>\n<\/tr>\n<\/table><\/div>\n<div class=\"wp-block-stackable-text stk-block-text stk-block stk-53eda79\" data-block-id=\"53eda79\"><style>.stk-53eda79 {margin-bottom:0px !important;}<\/style><p class=\"stk-block-text__text has-text-align-right\"><strong>\u041f\u0443\u0431\u043b\u0438\u0447\u043d\u044b\u0439 \u0440\u0435\u0435\u0441\u0442\u0440 \u043a\u043e\u043c\u043f\u0430\u043d\u0438\u0439, \u043f\u0440\u0435\u0434\u043f\u0440\u0438\u044f\u0442\u0438\u044f \u041b\u0438\u0442\u0432\u044b.<\/strong><\/p><\/div>\n\n<div class=\"wp-block-stackable-text stk-block-text stk-block stk-dcf1c27\" id=\"a-href-https-rekvizitai-vz-lt-imone-grandsfera-isideti-target-blank-rel-noreferrer-noopener-rekvizitai-lt-a\" data-block-id=\"dcf1c27\"><style>.stk-dcf1c27 .stk-block-text__text{font-weight:bold !important;}<\/style><p class=\"stk-block-text__text has-text-align-right\"><a href=\"https:\/\/rekvizitai.vz.lt\/imone\/grandsfera\" target=\"_blank\" rel=\"noreferrer noopener\">REKVIZITAI.LT<\/a><\/p><\/div>\n\n<div class=\"wp-block-stackable-divider stk-block-divider has-text-align-right stk-block stk-a8c209e\" data-block-id=\"a8c209e\"><style>.stk-a8c209e hr.stk-block-divider__hr{background:var(--theme-palette-color-11, #CF2E2E) !important;}<\/style><hr class=\"stk-block-divider__hr\"\/><\/div>\n\n<h2 id=\"gspb_heading-id-gsbp-e2d4d1f\" class=\"gspb_heading gspb_heading-id-gsbp-e2d4d1f \">\u0413\u0434\u0435 \u043c\u044b \u043d\u0430\u0445\u043e\u0434\u0438\u043c\u0441\u044f <\/h2>\n\n<div class=\"wp-block-stackable-map alignfull stk-block-map stk-block stk-ba47f58\" data-block-id=\"ba47f58\"><iframe\n\t\t\t\t\t\ttitle=\"Embedded content from Google Maps Platform.\"\n\t\t\t\t\t\tsrc=\"https:\/\/maps.google.com\/maps?q=Katk\u0173 g. 70, Panev\u0117\u017eys, LT-35295 , Lietuva&#038;t=&#038;z=12&#038;ie=UTF8&#038;output=embed\"\n\t\t\t\t\t\tstyle=\"border:0;width:100%;max-width:none;max-height:none;height:100%;\"\n\t\t\t\t\t\taria-hidden=\"false\"\n\t\t\t\t\t\ttabIndex=\"0\"\n\t\t\t\t\t\tallowfullscreen\n\t\t\t\t\t\tloading=\"lazy\"\n\t\t\t\t\t\tframeBorder=\"0\"\n\t\t\t\t\t><\/iframe><\/div>\n\n<div class=\"wp-block-stackable-spacer stk-block-spacer stk--no-padding stk-block stk-cbd0963\" data-block-id=\"cbd0963\"><style>.stk-cbd0963 {height:1px !important;}<\/style><\/div>\n\n<div class=\"wp-block-stackable-divider stk-block-divider has-text-align-right stk-block stk-c725975\" data-block-id=\"c725975\"><style>.stk-c725975 hr.stk-block-divider__hr{background:#cf2e2e !important;}<\/style><hr class=\"stk-block-divider__hr\"\/><\/div>\n\n<div class=\"wp-block-stackable-text stk-block-text stk-block stk-792c2a4\" data-block-id=\"792c2a4\"><style>.stk-792c2a4 {margin-bottom:0px !important;}<\/style><p class=\"stk-block-text__text has-text-align-right\"><strong>\u0410 \u0442\u0430\u043a\u0436\u0435 \u043e \u043d\u0430\u0441:<\/strong><\/p><\/div>\n\n<div class=\"wp-block-stackable-text stk-block-text stk-block stk-a2d2bdc\" data-block-id=\"a2d2bdc\"><style>.stk-a2d2bdc {margin-bottom:0px !important;}<\/style><p class=\"stk-block-text__text has-text-align-right\"><a href=\"https:\/\/grandsfera.lt\">GRANDSFERA.lt<\/a><\/p><\/div>\n\n<div class=\"wp-block-stackable-text stk-block-text stk-block stk-05bcc17\" data-block-id=\"05bcc17\"><p class=\"stk-block-text__text has-text-align-right\"><a href=\"https:\/\/autokond.lt\">AUTOKOND.lt<\/a><\/p><\/div>\n\n<p><\/p>\n","protected":false},"excerpt":{"rendered":"<p>\u041f\u0443\u0431\u043b\u0438\u0447\u043d\u044b\u0439 \u0440\u0435\u0435\u0441\u0442\u0440 \u043a\u043e\u043c\u043f\u0430\u043d\u0438\u0439, \u043f\u0440\u0435\u0434\u043f\u0440\u0438\u044f\u0442\u0438\u044f \u041b\u0438\u0442\u0432\u044b. REKVIZITAI.LT \u0410 \u0442\u0430\u043a\u0436\u0435 \u043e \u043d\u0430\u0441: GRANDSFERA.lt AUTOKOND.lt<\/p>\n","protected":false},"author":1,"featured_media":0,"parent":0,"menu_order":0,"comment_status":"closed","ping_status":"closed","template":"","meta":{"_gspb_post_css":".gspb_container-id-gsbp-73c260b{flex-direction:column;box-sizing:border-box}#gspb_container-id-gsbp-73c260b.gspb_container>p:last-of-type{margin-bottom:0}#gspb_container-id-gsbp-73c260b.gspb_container{position:relative;background-color:var(--wp--preset--color--palette-color-14, var(--theme-palette-color-14, rgba(0, 0, 0)));height:180px}#gspb_row-id-gsbp-59066f4{justify-content:space-between;margin-top:0;margin-bottom:0;display:flex;flex-wrap:wrap}#gspb_row-id-gsbp-59066f4>.gspb_row__content{display:flex;justify-content:space-between;margin:0 auto;width:100%;flex-wrap:wrap}.gspb_row{position:relative}div[id^=gspb_col-id]{box-sizing:border-box;position:relative;padding:var(--gs-row-column-padding, 15px min(3vw, 20px))}#gspb_col-id-gsbp-7556f5f.gspb_row__col--12{width:100%}@media (max-width:575.98px){#gspb_col-id-gsbp-7556f5f.gspb_row__col--12{width:100%}}#gspb_heading-id-gsbp-4eddc8e{font-size:56px;margin-top:0;margin-bottom:0}#gspb_heading-id-gsbp-047f83f{font-size:24px;margin-bottom:40px}#gspb_row-id-gsbp-b6c7d3b{justify-content:space-between;margin-top:0;display:flex;flex-wrap:wrap;margin-bottom:0;background-color:var(--wp--preset--color--palette-color-10, var(--theme-palette-color-10, #abb8c3))}#gspb_row-id-gsbp-b6c7d3b>.gspb_row__content{display:flex;justify-content:space-between;margin:0 auto;width:100%;flex-wrap:wrap}body.gspb-bodyfront #gspb_row-id-gsbp-59066f4>.gspb_row__content,body.gspb-bodyfront #gspb_row-id-gsbp-b6c7d3b>.gspb_row__content{width:var(--theme-container-width, 1200px);max-width:var(--theme-normal-container-max-width, 1200px)}#gspb_heading-id-gsbp-de1f26d{font-size:24px;margin-bottom:40px}#gspb_heading-id-gsbp-e2d4d1f,#gspb_heading-id-gsbp-e2d4d1f .gsap-g-line{text-align:center!important}","inline_featured_image":false,"footnotes":""},"class_list":["post-1992","page","type-page","status-publish","hentry"],"blocksy_meta":[],"_links":{"self":[{"href":"https:\/\/coinauto.eu\/ru\/wp-json\/wp\/v2\/pages\/1992","targetHints":{"allow":["GET"]}}],"collection":[{"href":"https:\/\/coinauto.eu\/ru\/wp-json\/wp\/v2\/pages"}],"about":[{"href":"https:\/\/coinauto.eu\/ru\/wp-json\/wp\/v2\/types\/page"}],"author":[{"embeddable":true,"href":"https:\/\/coinauto.eu\/ru\/wp-json\/wp\/v2\/users\/1"}],"replies":[{"embeddable":true,"href":"https:\/\/coinauto.eu\/ru\/wp-json\/wp\/v2\/comments?post=1992"}],"version-history":[{"count":4,"href":"https:\/\/coinauto.eu\/ru\/wp-json\/wp\/v2\/pages\/1992\/revisions"}],"predecessor-version":[{"id":1998,"href":"https:\/\/coinauto.eu\/ru\/wp-json\/wp\/v2\/pages\/1992\/revisions\/1998"}],"wp:attachment":[{"href":"https:\/\/coinauto.eu\/ru\/wp-json\/wp\/v2\/media?parent=1992"}],"curies":[{"name":"wp","href":"https:\/\/api.w.org\/{rel}","templated":true}]}}