{"id":1980,"date":"2025-09-26T14:00:01","date_gmt":"2025-09-26T11:00:01","guid":{"rendered":"https:\/\/coinauto.eu\/%d0%be%d0%b1%d1%80%d0%b0%d1%82%d0%bd%d0%b0%d1%8f-%d1%81%d0%b2%d1%8f%d0%b7%d1%8c\/"},"modified":"2025-12-11T17:24:43","modified_gmt":"2025-12-11T15:24:43","slug":"%d0%be%d0%b1%d1%80%d0%b0%d1%82%d0%bd%d0%b0%d1%8f-%d1%81%d0%b2%d1%8f%d0%b7%d1%8c","status":"publish","type":"page","link":"https:\/\/coinauto.eu\/ru\/%d0%be%d0%b1%d1%80%d0%b0%d1%82%d0%bd%d0%b0%d1%8f-%d1%81%d0%b2%d1%8f%d0%b7%d1%8c\/","title":{"rendered":"\u0421\u0432\u044f\u0437\u0430\u0442\u044c\u0441\u044f \u0441 \u043d\u0430\u043c\u0438"},"content":{"rendered":"\n<div id=\"gspb_container-id-gsbp-73c260b\" class=\"wp-block-greenshift-blocks-container alignfull gspb_container gspb_container-gsbp-73c260b\"><\/div>\n\n<div class=\"wp-block-stackable-spacer stk-block-spacer stk--no-padding stk-block stk-9c50f99\" data-block-id=\"9c50f99\"><style>.stk-9c50f99 {height:80px !important;}<\/style><\/div>\n\n<div class=\"wp-block-greenshift-blocks-row gspb_row gspb_row-id-gsbp-59066f4\" id=\"gspb_row-id-gsbp-59066f4\"><div class=\"gspb_row__content\"> \n<div class=\"wp-block-greenshift-blocks-row-column gspb_row__col--12 gspb_col-id-gsbp-7556f5f\" id=\"gspb_col-id-gsbp-7556f5f\">\n<h1 id=\"gspb_heading-id-gsbp-4eddc8e\" class=\"gspb_heading gspb_heading-id-gsbp-4eddc8e \">\u0415\u0441\u043b\u0438 \u0435\u0441\u0442\u044c \u0432\u043e\u043f\u0440\u043e\u0441\u044b \u0438\u043b\u0438 \u043d\u0443\u0436\u043d\u0430 \u043a\u043e\u043d\u0441\u0443\u043b\u044c\u0442\u0430\u0446\u0438\u044f \u2014 \u043c\u044b \u0432\u0441\u0435\u0433\u0434\u0430 \u0433\u043e\u0442\u043e\u0432\u044b \u043f\u043e\u043c\u043e\u0447\u044c.<\/h1>\n\n\n\n<h2 id=\"gspb_heading-id-gsbp-047f83f\" class=\"gspb_heading gspb_heading-id-gsbp-047f83f \"><span class=\"stk-highlight\" style=\"background: linear-gradient(to bottom, transparent 50%, var(--theme-palette-color-12, #5FCCA1) 50%);\">\u0421\u0412\u042f\u0416\u0418\u0422\u0415\u0421\u042c \u0421 \u041d\u0410\u041c\u0418<\/span><\/h2>\n\n\n\n<h3 id=\"gspb_heading-id-gsbp-651571c\" class=\"gspb_heading gspb_heading-id-gsbp-651571c \"><strong>\u041c\u044b \u043e\u043f\u0435\u0440\u0430\u0442\u0438\u0432\u043d\u043e \u043e\u0442\u0432\u0435\u0442\u0438\u043c \u043d\u0430 \u0432\u0430\u0448\u0438 \u0432\u043e\u043f\u0440\u043e\u0441\u044b \u0438 \u043f\u0440\u0435\u0434\u043e\u0441\u0442\u0430\u0432\u0438\u043c \u043f\u043e\u0434\u0440\u043e\u0431\u043d\u0443\u044e \u043a\u043e\u043d\u0441\u0443\u043b\u044c\u0442\u0430\u0446\u0438\u044e.<\/strong><\/h3>\n<\/div>\n <\/div><\/div>\n\n<div class=\"wp-block-greenshift-blocks-row gspb_row gspb_row-id-gsbp-47ff79d\" id=\"gspb_row-id-gsbp-47ff79d\" data-aos=\"fade-up-right\" data-aos-easing=\"ease\" data-aos-duration=\"800\"><div class=\"gspb_row__content\"> \n<div class=\"wp-block-greenshift-blocks-row-column gspb_row__col--8 gspb_col-id-gsbp-a92e9c0\" id=\"gspb_col-id-gsbp-a92e9c0\"><style>.wp-block-kadence-advanced-form891-cpt-id{background:var(--theme-palette-color-10, #abb8c3);}.wp-block-kadence-advanced-form891-cpt-id .kb-advanced-form input[type=text],.wp-block-kadence-advanced-form891-cpt-id .kb-advanced-form input[type=tel],.wp-block-kadence-advanced-form891-cpt-id .kb-advanced-form input[type=number],.wp-block-kadence-advanced-form891-cpt-id .kb-advanced-form input[type=date],.wp-block-kadence-advanced-form891-cpt-id .kb-advanced-form input[type=time],.wp-block-kadence-advanced-form891-cpt-id .kb-advanced-form input[type=email],.wp-block-kadence-advanced-form891-cpt-id .kb-advanced-form input[type=file],.wp-block-kadence-advanced-form891-cpt-id .kb-advanced-form select,.wp-block-kadence-advanced-form891-cpt-id .kb-advanced-form textarea{color:var(--global-palette9, #ffffff);border-top:1px solid var(--global-palette6, #718096);border-right:1px solid var(--global-palette6, #718096);border-bottom:1px solid var(--global-palette6, #718096);border-left:1px solid var(--global-palette6, #718096);}.wp-block-kadence-advanced-form891-cpt-id{color-scheme:dark;--kb-form-text-color:var(--global-palette9, #ffffff);--kb-form-background-color:var(--global-palette3, #1A202C);--kb-form-border-width:1px;--kb-form-border-color:var(--global-palette6, #718096);}.wp-block-kadence-advanced-form891-cpt-id{--kb-form-placeholder-color:var(--global-palette6, #718096);}.wp-block-kadence-advanced-form891-cpt-id input[type=text]:focus,.wp-block-kadence-advanced-form891-cpt-id input[type=email]:focus,.wp-block-kadence-advanced-form891-cpt-id input[type=tel]:focus,.wp-block-kadence-advanced-form891-cpt-id input[type=date]:focus,.wp-block-kadence-advanced-form891-cpt-id input[type=number]:focus,.wp-block-kadence-advanced-form891-cpt-id input[type=time]:focus,.wp-block-kadence-advanced-form891-cpt-id input[type=file]:focus,.wp-block-kadence-advanced-form891-cpt-id select:focus,.wp-block-kadence-advanced-form891-cpt-id textarea:focus{border-color:var(--global-palette7, #EDF2F7);}.wp-block-kadence-advanced-form891-cpt-id .kb-adv-form-field .kb-adv-form-label{color:var(--global-palette9, #ffffff);}@media all and (max-width: 1024px){.wp-block-kadence-advanced-form891-cpt-id .kb-advanced-form input[type=text],.wp-block-kadence-advanced-form891-cpt-id .kb-advanced-form input[type=tel],.wp-block-kadence-advanced-form891-cpt-id .kb-advanced-form input[type=number],.wp-block-kadence-advanced-form891-cpt-id .kb-advanced-form input[type=date],.wp-block-kadence-advanced-form891-cpt-id .kb-advanced-form input[type=time],.wp-block-kadence-advanced-form891-cpt-id .kb-advanced-form input[type=email],.wp-block-kadence-advanced-form891-cpt-id .kb-advanced-form input[type=file],.wp-block-kadence-advanced-form891-cpt-id .kb-advanced-form select,.wp-block-kadence-advanced-form891-cpt-id .kb-advanced-form textarea{border-top:1px solid var(--global-palette6, #718096);border-right:1px solid var(--global-palette6, #718096);border-bottom:1px solid var(--global-palette6, #718096);border-left:1px solid var(--global-palette6, #718096);}}@media all and (max-width: 767px){.wp-block-kadence-advanced-form891-cpt-id .kb-advanced-form input[type=text],.wp-block-kadence-advanced-form891-cpt-id .kb-advanced-form input[type=tel],.wp-block-kadence-advanced-form891-cpt-id .kb-advanced-form input[type=number],.wp-block-kadence-advanced-form891-cpt-id .kb-advanced-form input[type=date],.wp-block-kadence-advanced-form891-cpt-id .kb-advanced-form input[type=time],.wp-block-kadence-advanced-form891-cpt-id .kb-advanced-form input[type=email],.wp-block-kadence-advanced-form891-cpt-id .kb-advanced-form input[type=file],.wp-block-kadence-advanced-form891-cpt-id .kb-advanced-form select,.wp-block-kadence-advanced-form891-cpt-id .kb-advanced-form textarea{border-top:1px solid var(--global-palette6, #718096);border-right:1px solid var(--global-palette6, #718096);border-bottom:1px solid var(--global-palette6, #718096);border-left:1px solid var(--global-palette6, #718096);}}<\/style><div class=\"wp-block-kadence-advanced-form wp-block-kadence-advanced-form891-cpt-id kb-adv-form-label-style-normal kb-adv-form-input-size-standard kb-form-basic-style kb-form-is-dark kb-form-has-background wp-block-kadence-advanced-form\"><form id=\"kb-adv-form-891-cpt-id\" class=\"kb-advanced-form\" method=\"post\" data-error-message=\"U\u017epildyke tr\u016bkstamus laukus\">\n<style>.kb-row-layout-id891_4d14e4-b3 > .kt-row-column-wrap{align-content:start;}:where(.kb-row-layout-id891_4d14e4-b3 > .kt-row-column-wrap) > .wp-block-kadence-column{justify-content:start;}.kb-row-layout-id891_4d14e4-b3 > .kt-row-column-wrap{column-gap:var(--global-kb-gap-md, 2rem);row-gap:var(--global-kb-gap-md, 2rem);padding-top:0px;padding-right:0px;padding-bottom:0px;padding-left:0px;grid-template-columns:repeat(2, minmax(0, 1fr));}.kb-row-layout-id891_4d14e4-b3 > .kt-row-layout-overlay{opacity:0.30;}@media all and (max-width: 1024px){.kb-row-layout-id891_4d14e4-b3 > .kt-row-column-wrap{grid-template-columns:repeat(2, minmax(0, 1fr));}}@media all and (max-width: 767px){.kb-row-layout-id891_4d14e4-b3 > .kt-row-column-wrap{grid-template-columns:minmax(0, 1fr);}}<\/style><div class=\"kb-row-layout-wrap kb-row-layout-id891_4d14e4-b3 alignnone wp-block-kadence-rowlayout\"><div class=\"kt-row-column-wrap kt-has-2-columns kt-row-layout-equal kt-tab-layout-inherit kt-mobile-layout-row kt-row-valign-top\">\n<style>.kadence-column891_3410af-52 > .kt-inside-inner-col,.kadence-column891_3410af-52 > .kt-inside-inner-col:before{border-top-left-radius:0px;border-top-right-radius:0px;border-bottom-right-radius:0px;border-bottom-left-radius:0px;}.kadence-column891_3410af-52 > .kt-inside-inner-col{column-gap:var(--global-kb-gap-sm, 1rem);}.kadence-column891_3410af-52 > .kt-inside-inner-col{flex-direction:column;}.kadence-column891_3410af-52 > .kt-inside-inner-col > .aligncenter{width:100%;}.kadence-column891_3410af-52 > .kt-inside-inner-col:before{opacity:0.3;}.kadence-column891_3410af-52{position:relative;}@media all and (max-width: 1024px){.kadence-column891_3410af-52 > .kt-inside-inner-col{flex-direction:column;justify-content:center;}}@media all and (max-width: 767px){.kadence-column891_3410af-52 > .kt-inside-inner-col{flex-direction:column;justify-content:center;}}<\/style>\n<div class=\"wp-block-kadence-column kadence-column891_3410af-52\"><div class=\"kt-inside-inner-col\"><div class=\"kb-adv-form-field kb-adv-form-text-type-input kb-adv-form-infield-type-input kb-field8912a0873-3f wp-block-kadence-advanced-form-text\"><label class=\"kb-adv-form-label\" for=\"field8912a0873-3f\">J\u016bs\u0173 vardas<span class=\"kb-adv-form-required\">*<\/span><\/label><input name=\"field2a0873-3f\" id=\"field8912a0873-3f\" data-label=\"J\u016bs\u0173 vardas\" type=\"text\" placeholder=\"J\u016bs\u0173 vardas\" value=\"\" data-type=\"text\" class=\"kb-field kb-text-field\" data-required=\"yes\" required aria-required=\"true\"\/><\/div><\/div><\/div>\n\n\n<style>.kadence-column891_7609bd-28 > .kt-inside-inner-col,.kadence-column891_7609bd-28 > .kt-inside-inner-col:before{border-top-left-radius:0px;border-top-right-radius:0px;border-bottom-right-radius:0px;border-bottom-left-radius:0px;}.kadence-column891_7609bd-28 > .kt-inside-inner-col{column-gap:var(--global-kb-gap-sm, 1rem);}.kadence-column891_7609bd-28 > .kt-inside-inner-col{flex-direction:column;}.kadence-column891_7609bd-28 > .kt-inside-inner-col > .aligncenter{width:100%;}.kadence-column891_7609bd-28 > .kt-inside-inner-col:before{opacity:0.3;}.kadence-column891_7609bd-28{position:relative;}@media all and (max-width: 1024px){.kadence-column891_7609bd-28 > .kt-inside-inner-col{flex-direction:column;justify-content:center;}}@media all and (max-width: 767px){.kadence-column891_7609bd-28 > .kt-inside-inner-col{flex-direction:column;justify-content:center;}}<\/style>\n<div class=\"wp-block-kadence-column kadence-column891_7609bd-28\"><div class=\"kt-inside-inner-col\"><div class=\"kb-adv-form-field kb-adv-form-text-type-input kb-adv-form-infield-type-input kb-field89193a47b-99 wp-block-kadence-advanced-form-email\"><label class=\"kb-adv-form-label\" for=\"field89193a47b-99\">El. pa\u0161tas<span class=\"kb-adv-form-required\">*<\/span><\/label><input name=\"field93a47b-99\" id=\"field89193a47b-99\" data-label=\"El. pa\u0161tas\" type=\"email\" placeholder=\"J\u016bs\u0173 el. pa\u0161tas\" value=\"\" data-type=\"email\" class=\"kb-field kb-email-field\" data-required=\"yes\" required aria-required=\"true\"\/><\/div><\/div><\/div>\n\n<\/div><\/div>\n\n<style>.kb-row-layout-id891_826745-55 > .kt-row-column-wrap{align-content:start;}:where(.kb-row-layout-id891_826745-55 > .kt-row-column-wrap) > .wp-block-kadence-column{justify-content:start;}.kb-row-layout-id891_826745-55 > .kt-row-column-wrap{column-gap:var(--global-kb-gap-md, 2rem);row-gap:var(--global-kb-gap-md, 2rem);padding-top:0px;padding-right:0px;padding-bottom:0px;padding-left:0px;grid-template-columns:repeat(2, minmax(0, 1fr));}.kb-row-layout-id891_826745-55 > .kt-row-layout-overlay{opacity:0.30;}@media all and (max-width: 1024px){.kb-row-layout-id891_826745-55 > .kt-row-column-wrap{grid-template-columns:repeat(2, minmax(0, 1fr));}}@media all and (max-width: 767px){.kb-row-layout-id891_826745-55 > .kt-row-column-wrap{grid-template-columns:minmax(0, 1fr);}}<\/style><div class=\"kb-row-layout-wrap kb-row-layout-id891_826745-55 alignnone wp-block-kadence-rowlayout\"><div class=\"kt-row-column-wrap kt-has-2-columns kt-row-layout-equal kt-tab-layout-inherit kt-mobile-layout-row kt-row-valign-top\">\n<style>.kadence-column891_87788f-6b > .kt-inside-inner-col,.kadence-column891_87788f-6b > .kt-inside-inner-col:before{border-top-left-radius:0px;border-top-right-radius:0px;border-bottom-right-radius:0px;border-bottom-left-radius:0px;}.kadence-column891_87788f-6b > .kt-inside-inner-col{column-gap:var(--global-kb-gap-sm, 1rem);}.kadence-column891_87788f-6b > .kt-inside-inner-col{flex-direction:column;}.kadence-column891_87788f-6b > .kt-inside-inner-col > .aligncenter{width:100%;}.kadence-column891_87788f-6b > .kt-inside-inner-col:before{opacity:0.3;}.kadence-column891_87788f-6b{position:relative;}@media all and (max-width: 1024px){.kadence-column891_87788f-6b > .kt-inside-inner-col{flex-direction:column;justify-content:center;}}@media all and (max-width: 767px){.kadence-column891_87788f-6b > .kt-inside-inner-col{flex-direction:column;justify-content:center;}}<\/style>\n<div class=\"wp-block-kadence-column kadence-column891_87788f-6b\"><div class=\"kt-inside-inner-col\"><div class=\"kb-adv-form-field kb-adv-form-infield-type-input kb-field891e81625-cf wp-block-kadence-advanced-form-select\"><label class=\"kb-adv-form-label\" for=\"field891e81625-cf\">Tema<\/label><select  name=\"fielde81625-cf\" id=\"field891e81625-cf\" ><option value=\"\" disabled selected>Apie&#8230;<\/option><option value=\"Apie..\">Apie..<\/option><option value=\"Suraties sudarymas\">Suraties sudarymas<\/option><option value=\"Projekto eiga\">Projekto eiga<\/option><\/select><\/div><\/div><\/div>\n\n\n<style>.kadence-column891_d527f2-ca > .kt-inside-inner-col,.kadence-column891_d527f2-ca > .kt-inside-inner-col:before{border-top-left-radius:0px;border-top-right-radius:0px;border-bottom-right-radius:0px;border-bottom-left-radius:0px;}.kadence-column891_d527f2-ca > .kt-inside-inner-col{column-gap:var(--global-kb-gap-sm, 1rem);}.kadence-column891_d527f2-ca > .kt-inside-inner-col{flex-direction:column;}.kadence-column891_d527f2-ca > .kt-inside-inner-col > .aligncenter{width:100%;}.kadence-column891_d527f2-ca > .kt-inside-inner-col:before{opacity:0.3;}.kadence-column891_d527f2-ca{position:relative;}@media all and (max-width: 1024px){.kadence-column891_d527f2-ca > .kt-inside-inner-col{flex-direction:column;justify-content:center;}}@media all and (max-width: 767px){.kadence-column891_d527f2-ca > .kt-inside-inner-col{flex-direction:column;justify-content:center;}}<\/style>\n<div class=\"wp-block-kadence-column kadence-column891_d527f2-ca\"><div class=\"kt-inside-inner-col\"><\/div><\/div>\n\n<\/div><\/div>\n\n<div class=\"kb-adv-form-field kb-adv-form-text-type-input kb-adv-form-infield-type-input kb-field891bd4d4e-b5 wp-block-kadence-advanced-form-textarea\"><label class=\"kb-adv-form-label\" for=\"field891bd4d4e-b5\">\u017dinut\u0117<span class=\"kb-adv-form-required\">*<\/span><\/label><textarea name=\"fieldbd4d4e-b5\" id=\"field891bd4d4e-b5\" rows=\"3\"  data-label=\"\u017dinut\u0117\" placeholder=\"Sveiki, nor\u0117\u010diau...\" data-type=\"textarea\" class=\"kb-field kb-textarea-field\" data-required=\"yes\" required aria-required=\"true\"><\/textarea><\/div>\n\n<style>ul.menu .kb-submit-field .kb-btn6bdcc6-db.kb-button{width:initial;}.kb-submit-field.kb-field6bdcc6-db{justify-content:flex-start;}<\/style><div class=\"kb-adv-form-field kb-submit-field kb-field6bdcc6-db wp-block-kadence-advanced-form-submit\"><button class=\"kb-button kt-button button kb-adv-form-submit-button kb-btn6bdcc6-db kt-btn-size-standard kt-btn-width-type-auto kb-btn-global-fill kt-btn-has-text-true kt-btn-has-svg-false\" type=\"submit\"><span class=\"kt-btn-inner-text\">Si\u0173sti<\/span><\/button><\/div>\n<input type=\"hidden\" name=\"_kb_adv_form_post_id\" value=\"891\"><input type=\"hidden\" name=\"action\" value=\"kb_process_advanced_form_submit\"><input type=\"hidden\" name=\"_kb_adv_form_id\" value=\"891-cpt-id\"><\/form><\/div><\/div>\n\n\n\n<div class=\"wp-block-greenshift-blocks-row-column gspb_row__col--4 gspb_col-id-gsbp-fa6d2fa\" id=\"gspb_col-id-gsbp-fa6d2fa\">\n<div class=\"wp-block-stackable-card stk-block-card stk-block stk-7514c52 is-style-default\" data-v=\"2\" data-block-id=\"7514c52\"><style>.stk-7514c52 .stk-block-card__image{height:250px !important;}<\/style><div class=\"stk--no-padding stk-container stk-7514c52-container stk-hover-parent\"><figure class=\"stk-block-card__image stk-img-wrapper stk-image--shape-stretch\"><img loading=\"lazy\" decoding=\"async\" class=\"stk-img wp-image-929\" src=\"http:\/\/coinauto.eu\/wp-content\/uploads\/2025\/09\/juodas_telefonas-removebg-preview.png\" width=\"500\" height=\"500\" srcset=\"https:\/\/coinauto.eu\/wp-content\/uploads\/2025\/09\/juodas_telefonas-removebg-preview.png 500w, https:\/\/coinauto.eu\/wp-content\/uploads\/2025\/09\/juodas_telefonas-removebg-preview-300x300.png 300w, https:\/\/coinauto.eu\/wp-content\/uploads\/2025\/09\/juodas_telefonas-removebg-preview-150x150.png 150w\" sizes=\"auto, (max-width: 500px) 100vw, 500px\" \/><\/figure><div class=\"stk-container-padding stk-block-card__content\"><div class=\"stk-block-content stk-inner-blocks stk-7514c52-inner-blocks\">\n<div class=\"wp-block-stackable-heading stk-block-heading stk-block-heading--v2 stk-block stk-664a3cd\" id=\"arba-span-style-background-linear-gradient-to-bottom-transparent-50-var-theme-palette-color-12-5-fcca-1-50-class-stk-highlight-skambinkite-span\" data-block-id=\"664a3cd\"><h2 class=\"stk-block-heading__text\"><span class=\"stk-highlight\" style=\"background: linear-gradient(to bottom, transparent 50%, var(--theme-palette-color-12, #5FCCA1) 50%);\">\u0418\u043b\u0438 \u043f\u043e\u0437\u0432\u043e\u043d\u0438\u0442\u0435 \u043d\u0430\u043c:<\/span><\/h2><\/div>\n\n\n\n<div class=\"wp-block-stackable-subtitle stk-block-subtitle stk-block stk-3075c58\" data-block-id=\"3075c58\"><style>.stk-3075c58 .stk-block-subtitle__text{font-size:var(--stk--preset--font-size--large, 30px) !important;}@media screen and (max-width:999px){.stk-3075c58 .stk-block-subtitle__text{font-size:var(--stk--preset--font-size--large, 30px) !important;}}<\/style><p class=\"stk-block-subtitle__text stk-subtitle\"><strong>+370 682 50023 <\/strong><\/p><\/div>\n\n\n\n<div class=\"wp-block-stackable-text stk-block-text stk-block stk-8c7ba08\" data-block-id=\"8c7ba08\"><style>.stk-8c7ba08 .stk-block-text__text{font-size:20px !important;}@media screen and (max-width:999px){.stk-8c7ba08 .stk-block-text__text{font-size:20px !important;}}<\/style><p class=\"stk-block-text__text\">\u041d\u0430\u0448\u0430 \u043a\u043e\u043c\u0430\u043d\u0434\u0430 \u0433\u043e\u0442\u043e\u0432\u0430 \u043f\u043e\u0434\u0434\u0435\u0440\u0436\u0430\u0442\u044c \u0432\u0430\u0441 \u043d\u0430 \u043a\u0430\u0436\u0434\u043e\u043c \u044d\u0442\u0430\u043f\u0435.<\/p><\/div>\n<\/div><\/div><\/div><\/div>\n<\/div>\n <\/div><\/div>\n\n<div class=\"wp-block-greenshift-blocks-row gspb_row gspb_row-id-gsbp-b6c7d3b\" id=\"gspb_row-id-gsbp-b6c7d3b\"><div class=\"gspb_row__content\">  <\/div><\/div><br>\n\n<div class=\"wp-block-stackable-divider stk-block-divider has-text-align-right stk-block stk-a8c209e\" data-block-id=\"a8c209e\"><style>.stk-a8c209e hr.stk-block-divider__hr{background:var(--theme-palette-color-11, #CF2E2E) !important;}<\/style><hr class=\"stk-block-divider__hr\"\/><\/div>\n\n<div class=\"wp-block-stackable-spacer stk-block-spacer stk--no-padding stk-block stk-68cfa7f\" data-block-id=\"68cfa7f\"><style>.stk-68cfa7f {height:25px !important;}<\/style><\/div>\n\n<h2 id=\"gspb_heading-id-gsbp-e2d4d1f\" class=\"gspb_heading gspb_heading-id-gsbp-e2d4d1f \">\u0413\u0434\u0435 \u043c\u044b \u043d\u0430\u0445\u043e\u0434\u0438\u043c\u0441\u044f <\/h2>\n\n<div class=\"wp-block-stackable-map alignfull stk-block-map stk-block stk-ba47f58\" data-block-id=\"ba47f58\"><iframe\n\t\t\t\t\t\ttitle=\"Embedded content from Google Maps Platform.\"\n\t\t\t\t\t\tsrc=\"https:\/\/maps.google.com\/maps?q=Katk\u0173 g. 70, Panev\u0117\u017eys, LT-35295 , Lietuva&#038;t=&#038;z=12&#038;ie=UTF8&#038;output=embed\"\n\t\t\t\t\t\tstyle=\"border:0;width:100%;max-width:none;max-height:none;height:100%;\"\n\t\t\t\t\t\taria-hidden=\"false\"\n\t\t\t\t\t\ttabIndex=\"0\"\n\t\t\t\t\t\tallowfullscreen\n\t\t\t\t\t\tloading=\"lazy\"\n\t\t\t\t\t\tframeBorder=\"0\"\n\t\t\t\t\t><\/iframe><\/div>\n\n<div class=\"wp-block-stackable-spacer stk-block-spacer stk--no-padding stk-block stk-cbd0963\" data-block-id=\"cbd0963\"><style>.stk-cbd0963 {height:1px !important;}<\/style><\/div>\n","protected":false},"excerpt":{"rendered":"","protected":false},"author":1,"featured_media":0,"parent":0,"menu_order":0,"comment_status":"closed","ping_status":"closed","template":"","meta":{"_gspb_post_css":".gspb_container-id-gsbp-73c260b{flex-direction:column;box-sizing:border-box}#gspb_container-id-gsbp-73c260b.gspb_container>p:last-of-type{margin-bottom:0}#gspb_container-id-gsbp-73c260b.gspb_container{position:relative;background-color:var(--wp--preset--color--palette-color-14, var(--theme-palette-color-14, rgba(0, 0, 0)));height:180px}#gspb_row-id-gsbp-59066f4{justify-content:space-between;margin-top:0;margin-bottom:0;display:flex;flex-wrap:wrap}#gspb_row-id-gsbp-59066f4>.gspb_row__content{display:flex;justify-content:space-between;margin:0 auto;width:100%;flex-wrap:wrap}.gspb_row{position:relative}div[id^=gspb_col-id]{box-sizing:border-box;position:relative;padding:var(--gs-row-column-padding, 15px min(3vw, 20px))}body.gspb-bodyfront #gspb_row-id-gsbp-59066f4>.gspb_row__content{width:var(--theme-container-width, 1200px);max-width:var(--theme-normal-container-max-width, 1200px)}#gspb_col-id-gsbp-7556f5f.gspb_row__col--12{width:100%}@media (max-width:575.98px){#gspb_col-id-gsbp-7556f5f.gspb_row__col--12{width:100%}}#gspb_heading-id-gsbp-4eddc8e{font-size:50px;margin-top:0;margin-bottom:0}#gspb_heading-id-gsbp-047f83f{font-size:24px;margin-bottom:40px}#gspb_heading-id-gsbp-651571c{font-size:32px}#gspb_row-id-gsbp-47ff79d,#gspb_row-id-gsbp-b6c7d3b{justify-content:space-between;margin-top:0;display:flex;flex-wrap:wrap;margin-bottom:0}#gspb_row-id-gsbp-47ff79d{transition-duration:.8s;transition-timing-function:var(--gs-root-animation-easing, cubic-bezier(0.42, 0, 0.58, 1));opacity:var(--gs-root-animation-opacity, 0);transition-property:opacity,transform,filter;transform:var(--gs-root-animation-transform, translate3d(calc(max(50px, 15%) * -1), calc(max(50px, 15%)), 0))}#gspb_row-id-gsbp-47ff79d>.gspb_row__content{display:flex;justify-content:space-between;margin:0 auto;width:100%;flex-wrap:wrap}#gspb_row-id-gsbp-47ff79d.aos-animate,#gspb_row-id-gsbp-47ff79d[data-gs-aos]{opacity:1;transform:translateZ(0)}#gspb_col-id-gsbp-a92e9c0.gspb_row__col--8{width:66.66666666666667%}@media (max-width:575.98px){#gspb_col-id-gsbp-a92e9c0.gspb_row__col--8{width:100%}}#gspb_col-id-gsbp-fa6d2fa.gspb_row__col--4{width:33.333333333333336%}@media (max-width:575.98px){#gspb_col-id-gsbp-fa6d2fa.gspb_row__col--4{width:100%}}#gspb_row-id-gsbp-b6c7d3b{background-color:var(--wp--preset--color--palette-color-10, var(--theme-palette-color-10, #abb8c3))}#gspb_row-id-gsbp-b6c7d3b>.gspb_row__content{display:flex;justify-content:space-between;margin:0 auto;width:100%;flex-wrap:wrap}body.gspb-bodyfront #gspb_row-id-gsbp-47ff79d>.gspb_row__content,body.gspb-bodyfront #gspb_row-id-gsbp-b6c7d3b>.gspb_row__content{width:var(--theme-container-width, 1200px);max-width:var(--theme-normal-container-max-width, 1200px)}#gspb_heading-id-gsbp-e2d4d1f,#gspb_heading-id-gsbp-e2d4d1f .gsap-g-line{text-align:center!important}","inline_featured_image":false,"footnotes":""},"class_list":["post-1980","page","type-page","status-publish","hentry"],"blocksy_meta":[],"_links":{"self":[{"href":"https:\/\/coinauto.eu\/ru\/wp-json\/wp\/v2\/pages\/1980","targetHints":{"allow":["GET"]}}],"collection":[{"href":"https:\/\/coinauto.eu\/ru\/wp-json\/wp\/v2\/pages"}],"about":[{"href":"https:\/\/coinauto.eu\/ru\/wp-json\/wp\/v2\/types\/page"}],"author":[{"embeddable":true,"href":"https:\/\/coinauto.eu\/ru\/wp-json\/wp\/v2\/users\/1"}],"replies":[{"embeddable":true,"href":"https:\/\/coinauto.eu\/ru\/wp-json\/wp\/v2\/comments?post=1980"}],"version-history":[{"count":13,"href":"https:\/\/coinauto.eu\/ru\/wp-json\/wp\/v2\/pages\/1980\/revisions"}],"predecessor-version":[{"id":1997,"href":"https:\/\/coinauto.eu\/ru\/wp-json\/wp\/v2\/pages\/1980\/revisions\/1997"}],"wp:attachment":[{"href":"https:\/\/coinauto.eu\/ru\/wp-json\/wp\/v2\/media?parent=1980"}],"curies":[{"name":"wp","href":"https:\/\/api.w.org\/{rel}","templated":true}]}}